{"id":868,"date":"2018-01-05T17:01:22","date_gmt":"2018-01-05T14:01:22","guid":{"rendered":"http:\/\/dbsgida.com\/?page_id=868"},"modified":"2018-01-11T12:44:19","modified_gmt":"2018-01-11T09:44:19","slug":"gewurze-gruppe-produkte","status":"publish","type":"page","link":"https:\/\/dbsgida.com\/de\/gewurze-gruppe-produkte\/","title":{"rendered":"Gew\u00fcrze Gruppe Produkte"},"content":{"rendered":"<p>[vc_row full_width=&#8220;stretch_row_content_no_spaces&#8220; css=&#8220;.vc_custom_1515662770138{padding-top: 300px !important;padding-bottom: 300px !important;background-image: url(http:\/\/dbsgida.com\/wp-content\/uploads\/2018\/01\/dbs-baharat-header.jpg?id=992) !important;background-position: center !important;background-repeat: no-repeat !important;background-size: cover !important;}&#8220; overlaybg=&#8220;rgba(0,0,0,0.3)&#8220;][vc_column][\/vc_column][\/vc_row][vc_row css=&#8220;.vc_custom_1515064676037{padding-top: 65px !important;}&#8220;][vc_column][vc_custom_heading text=&#8220;Alle Produkte der Gew\u00fcrzgruppe von DBS Food<br \/>\npr\u00e4sentieren sich den Kunden als P\u00dcR \u015e\u0130FA, SPICE EFFENDY und Y &#038; B Marken.&#8220; font_container=&#8220;tag:h4|text_align:center|line_height:1.3&#8243; use_theme_fonts=&#8220;yes&#8220;][\/vc_column][\/vc_row][vc_row css=&#8220;.vc_custom_1515064601026{padding-top: 65px !important;padding-bottom: 100px !important;}&#8220;][vc_column width=&#8220;1\/3&#8243;][vc_single_image image=&#8220;744&#8243; img_size=&#8220;full&#8220; alignment=&#8220;center&#8220; onclick=&#8220;custom_link&#8220; link=&#8220;#&#8220;][vc_custom_heading text=&#8220;P\u00dcR \u015e\u0130FA&#8220; font_container=&#8220;tag:h4|text_align:left&#8220; use_theme_fonts=&#8220;yes&#8220;][\/vc_column][vc_column width=&#8220;1\/3&#8243;][vc_single_image image=&#8220;745&#8243; img_size=&#8220;full&#8220; alignment=&#8220;center&#8220; onclick=&#8220;custom_link&#8220; link=&#8220;#&#8220;][vc_custom_heading text=&#8220;SPICE EFFENDY&#8220; font_container=&#8220;tag:h4|text_align:left&#8220; use_theme_fonts=&#8220;yes&#8220;][\/vc_column][vc_column width=&#8220;1\/3&#8243;][vc_single_image image=&#8220;1007&#8243; img_size=&#8220;full&#8220; alignment=&#8220;center&#8220; onclick=&#8220;custom_link&#8220; link=&#8220;#&#8220;][vc_custom_heading text=&#8220;Y&#038;B&#8220; font_container=&#8220;tag:h4|text_align:left&#8220; use_theme_fonts=&#8220;yes&#8220;][\/vc_column][\/vc_row][vc_row][vc_column][vc_empty_space height=&#8220;45px&#8220;][\/vc_column][\/vc_row]<\/p>\n","protected":false},"excerpt":{"rendered":"<p>[vc_row full_width=&#8220;stretch_row_content_no_spaces&#8220; css=&#8220;.vc_custom_1515662770138{padding-top: 300px !important;padding-bottom: 300px !important;background-image: url(http:\/\/dbsgida.com\/wp-content\/uploads\/2018\/01\/dbs-baharat-header.jpg?id=992) !important;background-position: center !important;background-repeat: no-repeat !important;background-size: cover !important;}&#8220; overlaybg=&#8220;rgba(0,0,0,0.3)&#8220;][vc_column][\/vc_column][\/vc_row][vc_row css=&#8220;.vc_custom_1515064676037{padding-top: 65px !important;}&#8220;][vc_column][vc_custom_heading text=&#8220;Alle Produkte der Gew\u00fcrzgruppe von DBS Food pr\u00e4sentieren sich den Kunden als P\u00dcR \u015e\u0130FA, SPICE EFFENDY und Y &#038; B Marken.&#8220; font_container=&#8220;tag:h4|text_align:center|line_height:1.3&#8243; use_theme_fonts=&#8220;yes&#8220;][\/vc_column][\/vc_row][vc_row css=&#8220;.vc_custom_1515064601026{padding-top: 65px !important;padding-bottom: 100px !important;}&#8220;][vc_column width=&#8220;1\/3&#8243;][vc_single_image image=&#8220;744&#8243; img_size=&#8220;full&#8220; alignment=&#8220;center&#8220; onclick=&#8220;custom_link&#8220; link=&#8220;#&#8220;][vc_custom_heading text=&#8220;P\u00dcR \u015e\u0130FA&#8220; [&hellip;]<\/p>\n","protected":false},"author":1,"featured_media":0,"parent":0,"menu_order":0,"comment_status":"closed","ping_status":"closed","template":"custom-page.php","meta":{"footnotes":""},"class_list":["post-868","page","type-page","status-publish","hentry"],"_links":{"self":[{"href":"https:\/\/dbsgida.com\/de\/wp-json\/wp\/v2\/pages\/868","targetHints":{"allow":["GET"]}}],"collection":[{"href":"https:\/\/dbsgida.com\/de\/wp-json\/wp\/v2\/pages"}],"about":[{"href":"https:\/\/dbsgida.com\/de\/wp-json\/wp\/v2\/types\/page"}],"author":[{"embeddable":true,"href":"https:\/\/dbsgida.com\/de\/wp-json\/wp\/v2\/users\/1"}],"replies":[{"embeddable":true,"href":"https:\/\/dbsgida.com\/de\/wp-json\/wp\/v2\/comments?post=868"}],"version-history":[{"count":4,"href":"https:\/\/dbsgida.com\/de\/wp-json\/wp\/v2\/pages\/868\/revisions"}],"predecessor-version":[{"id":1010,"href":"https:\/\/dbsgida.com\/de\/wp-json\/wp\/v2\/pages\/868\/revisions\/1010"}],"wp:attachment":[{"href":"https:\/\/dbsgida.com\/de\/wp-json\/wp\/v2\/media?parent=868"}],"curies":[{"name":"wp","href":"https:\/\/api.w.org\/{rel}","templated":true}]}}