{"id":833,"date":"2018-01-05T15:48:30","date_gmt":"2018-01-05T12:48:30","guid":{"rendered":"http:\/\/dbsgida.com\/?page_id=833"},"modified":"2018-01-05T15:48:30","modified_gmt":"2018-01-05T12:48:30","slug":"zertifikate","status":"publish","type":"page","link":"https:\/\/dbsgida.com\/de\/zertifikate\/","title":{"rendered":"Zertifikate"},"content":{"rendered":"<p>[vc_row full_width=&#8220;stretch_row_content_no_spaces&#8220; css=&#8220;.vc_custom_1514534758631{padding-top: 300px !important;padding-bottom: 300px !important;background-image: url(http:\/\/dbsgida.com\/wp-content\/uploads\/2017\/12\/dbs-kalite.jpg?id=649) !important;background-position: center !important;background-repeat: no-repeat !important;background-size: cover !important;}&#8220; overlaybg=&#8220;rgba(0,0,0,0.3)&#8220;][vc_column][\/vc_column][\/vc_row][vc_row full_width=&#8220;stretch_row&#8220; css=&#8220;.vc_custom_1489687595139{padding-top: 65px !important;padding-bottom: 100px !important;background-color: #f9f9f9 !important;}&#8220;][vc_column offset=&#8220;vc_col-lg-3 vc_col-md-4 vc_col-xs-12&#8243;][vc_custom_heading text=&#8220;Our Certificates&#8220; font_container=&#8220;tag:h2|font_size:3.5rem|text_align:left|color:%23333333|line_height:1.1&#8243; use_theme_fonts=&#8220;yes&#8220; el_class=&#8220;poppins&#8220;][\/vc_column][vc_column offset=&#8220;vc_col-lg-9 vc_col-md-8 vc_col-xs-12&#8243;][vc_column_text css=&#8220;.vc_custom_1515156570361{margin-bottom: 0px !important;}&#8220;]DBS Food wei\u00df, dass Qualit\u00e4t nicht dem Zufall und einem nicht verhandelbaren Aspekt des Gesch\u00e4fts \u00fcberlassen wird. Um die Kontinuit\u00e4t in der Produktqualit\u00e4t zu gew\u00e4hrleisten, arbeitet DBS Food mit Landwirten zusammen.<\/p>\n<p>Um die sichersten und hochwertigsten Produkte auf den Markt zu bringen, sind wir bestrebt, Transparenz von &#8222;farm to fork&#8220; zu schaffen, und wir auditieren st\u00e4ndig unsere Lieferanten mit unseren kompetenten Kader. Unsere Qualit\u00e4tspolitik besteht aus 4 Grundprinzipien; Auswahl des richtigen Lieferanten, Qualit\u00e4tskontrolle, Produktstandardisierung und Kundenzufriedenheit.<\/p>\n<p>Wir verwenden international anerkannte und akkreditierte Labore und sind immer \u00fcber die neuesten Entwicklungen in Bezug auf Qualit\u00e4tsprobleme in unserer Branche informiert.<\/p>\n<p>Unsere Firma ist ISO 9000, ISO 22000, Halal, BRC und FDA zertifiziert. Sie k\u00f6nnen auf die folgenden Symbole klicken, um die entsprechende Zertifizierung anzuzeigen.[\/vc_column_text][\/vc_column][\/vc_row][vc_row full_width=&#8220;stretch_row&#8220; css=&#8220;.vc_custom_1487726329381{padding-top: 100px !important;padding-bottom: 65px !important;}&#8220;][vc_column width=&#8220;1\/3&#8243; offset=&#8220;vc_col-lg-2 vc_col-md-4 vc_col-xs-6&#8243;][vc_single_image image=&#8220;632&#8243; img_size=&#8220;full&#8220; onclick=&#8220;custom_link&#8220; img_link_target=&#8220;_blank&#8220; link=&#8220;#&#8220;][\/vc_column][vc_column width=&#8220;1\/3&#8243; offset=&#8220;vc_col-lg-2 vc_col-md-4 vc_col-xs-6&#8243;][vc_single_image image=&#8220;633&#8243; img_size=&#8220;full&#8220; onclick=&#8220;custom_link&#8220; img_link_target=&#8220;_blank&#8220; link=&#8220;#&#8220;][\/vc_column][vc_column width=&#8220;1\/3&#8243; offset=&#8220;vc_col-lg-2 vc_col-md-4 vc_col-xs-6&#8243;][vc_single_image image=&#8220;634&#8243; img_size=&#8220;full&#8220; onclick=&#8220;custom_link&#8220; img_link_target=&#8220;_blank&#8220; link=&#8220;#&#8220;][\/vc_column][vc_column width=&#8220;1\/3&#8243; offset=&#8220;vc_col-lg-2 vc_col-md-4 vc_col-xs-6&#8243; css=&#8220;.vc_custom_1487726566971{margin-bottom: 0px !important;}&#8220;][vc_single_image image=&#8220;635&#8243; img_size=&#8220;full&#8220; onclick=&#8220;custom_link&#8220; img_link_target=&#8220;_blank&#8220; link=&#8220;#&#8220;][\/vc_column][vc_column width=&#8220;1\/3&#8243; offset=&#8220;vc_col-lg-2 vc_col-md-4 vc_col-xs-6&#8243;][vc_single_image image=&#8220;631&#8243; img_size=&#8220;full&#8220; onclick=&#8220;custom_link&#8220; img_link_target=&#8220;_blank&#8220; link=&#8220;#&#8220;][\/vc_column][vc_column width=&#8220;1\/3&#8243; offset=&#8220;vc_col-lg-2 vc_col-md-4 vc_col-xs-6&#8243;][vc_single_image image=&#8220;630&#8243; img_size=&#8220;full&#8220; onclick=&#8220;custom_link&#8220; img_link_target=&#8220;_blank&#8220; link=&#8220;#&#8220;][\/vc_column][\/vc_row]<\/p>\n","protected":false},"excerpt":{"rendered":"<p>[vc_row full_width=&#8220;stretch_row_content_no_spaces&#8220; css=&#8220;.vc_custom_1514534758631{padding-top: 300px !important;padding-bottom: 300px !important;background-image: url(http:\/\/dbsgida.com\/wp-content\/uploads\/2017\/12\/dbs-kalite.jpg?id=649) !important;background-position: center !important;background-repeat: no-repeat !important;background-size: cover !important;}&#8220; overlaybg=&#8220;rgba(0,0,0,0.3)&#8220;][vc_column][\/vc_column][\/vc_row][vc_row full_width=&#8220;stretch_row&#8220; css=&#8220;.vc_custom_1489687595139{padding-top: 65px !important;padding-bottom: 100px !important;background-color: #f9f9f9 !important;}&#8220;][vc_column offset=&#8220;vc_col-lg-3 vc_col-md-4 vc_col-xs-12&#8243;][vc_custom_heading text=&#8220;Our Certificates&#8220; font_container=&#8220;tag:h2|font_size:3.5rem|text_align:left|color:%23333333|line_height:1.1&#8243; use_theme_fonts=&#8220;yes&#8220; el_class=&#8220;poppins&#8220;][\/vc_column][vc_column offset=&#8220;vc_col-lg-9 vc_col-md-8 vc_col-xs-12&#8243;][vc_column_text css=&#8220;.vc_custom_1515156570361{margin-bottom: 0px !important;}&#8220;]DBS Food wei\u00df, dass Qualit\u00e4t nicht dem Zufall und einem nicht verhandelbaren Aspekt des Gesch\u00e4fts \u00fcberlassen wird. Um [&hellip;]<\/p>\n","protected":false},"author":1,"featured_media":0,"parent":0,"menu_order":0,"comment_status":"closed","ping_status":"closed","template":"custom-page.php","meta":{"footnotes":""},"class_list":["post-833","page","type-page","status-publish","hentry"],"_links":{"self":[{"href":"https:\/\/dbsgida.com\/de\/wp-json\/wp\/v2\/pages\/833","targetHints":{"allow":["GET"]}}],"collection":[{"href":"https:\/\/dbsgida.com\/de\/wp-json\/wp\/v2\/pages"}],"about":[{"href":"https:\/\/dbsgida.com\/de\/wp-json\/wp\/v2\/types\/page"}],"author":[{"embeddable":true,"href":"https:\/\/dbsgida.com\/de\/wp-json\/wp\/v2\/users\/1"}],"replies":[{"embeddable":true,"href":"https:\/\/dbsgida.com\/de\/wp-json\/wp\/v2\/comments?post=833"}],"version-history":[{"count":1,"href":"https:\/\/dbsgida.com\/de\/wp-json\/wp\/v2\/pages\/833\/revisions"}],"predecessor-version":[{"id":834,"href":"https:\/\/dbsgida.com\/de\/wp-json\/wp\/v2\/pages\/833\/revisions\/834"}],"wp:attachment":[{"href":"https:\/\/dbsgida.com\/de\/wp-json\/wp\/v2\/media?parent=833"}],"curies":[{"name":"wp","href":"https:\/\/api.w.org\/{rel}","templated":true}]}}