{"id":827,"date":"2018-01-05T15:44:34","date_gmt":"2018-01-05T12:44:34","guid":{"rendered":"http:\/\/dbsgida.com\/?page_id=827"},"modified":"2018-01-17T17:21:15","modified_gmt":"2018-01-17T14:21:15","slug":"produktion","status":"publish","type":"page","link":"https:\/\/dbsgida.com\/de\/produktion\/","title":{"rendered":"Produktion"},"content":{"rendered":"<p>[vc_row full_width=&#8220;stretch_row_content_no_spaces&#8220; css=&#8220;.vc_custom_1514533919596{padding-top: 300px !important;padding-bottom: 300px !important;background-image: url(http:\/\/dbsgida.com\/wp-content\/uploads\/2017\/12\/dbs-uretim.jpg?id=641) !important;background-position: center !important;background-repeat: no-repeat !important;background-size: cover !important;}&#8220; overlaybg=&#8220;rgba(0,0,0,0.3)&#8220;][vc_column][\/vc_column][\/vc_row][vc_row full_width=&#8220;stretch_row&#8220; css=&#8220;.vc_custom_1515674344362{padding-top: 65px !important;padding-bottom: 100px !important;}&#8220;][vc_column offset=&#8220;vc_col-lg-3 vc_col-md-4 vc_col-xs-12&#8243;][vc_custom_heading text=&#8220;Produktion&#8220; font_container=&#8220;tag:h2|font_size:3.5rem|text_align:left|color:%23333333|line_height:1.1&#8243; use_theme_fonts=&#8220;yes&#8220; el_class=&#8220;poppins&#8220;][\/vc_column][vc_column offset=&#8220;vc_col-lg-9 vc_col-md-8 vc_col-xs-12&#8243;][vc_column_text css=&#8220;.vc_custom_1516198950821{margin-bottom: 0px !important;}&#8220;]DBS Food verf\u00fcgt \u00fcber die neueste Produktions- und Verarbeitungstechnologie in internationalen Standards. Unsere Fabrik besteht aus 2950 m2 geschlossener Fl\u00e4che in 5000 m2 Fl\u00e4che.Dies ist unser wichtigstes Verarbeitungszentrum, wo alle Endverpackungen, Qualit\u00e4tskontrollen und Exportverfahren stattfinden.<\/p>\n<p>Wir decken die Bed\u00fcrfnisse unserer Kunden mit dem frischesten Rohstoff ab, ohne ihn zu lagern. Alle Rohmaterialien werden sorgf\u00e4ltig gepfl\u00fcckt, sorgf\u00e4ltig verarbeitet und bei der Zulassung auf Spezifikationen gepr\u00fcft, um unseren Kundenbed\u00fcrfnissen gerecht zu werden. Alle Endprodukte werden nach Ihren Bed\u00fcrfnissen verarbeitet, verpackt, gelagert und versandt.<\/p>\n<p>Alle Qualit\u00e4tskontrollma\u00dfnahmen (physikalische, chemische und mikrobiologische Tests, Metalldetektion, Verpackungskontrollen und Probenahmeverfahren) werden vor dem Versand sorgf\u00e4ltig durchgef\u00fchrt. F\u00fcr die geforderten Tests verwenden wir die staatlich akkreditierten Labore \u00fcber repr\u00e4sentative Proben.[\/vc_column_text][vc_empty_space height=&#8220;40px&#8220;][vc_row_inner][vc_column_inner width=&#8220;1\/3&#8243;][vc_single_image image=&#8220;960&#8243; img_size=&#8220;full&#8220; alignment=&#8220;center&#8220;][\/vc_column_inner][vc_column_inner width=&#8220;1\/3&#8243;][vc_single_image image=&#8220;959&#8243; img_size=&#8220;full&#8220; alignment=&#8220;center&#8220;][\/vc_column_inner][vc_column_inner width=&#8220;1\/3&#8243;][vc_single_image image=&#8220;958&#8243; img_size=&#8220;full&#8220; alignment=&#8220;center&#8220;][\/vc_column_inner][\/vc_row_inner][\/vc_column][\/vc_row]<\/p>\n","protected":false},"excerpt":{"rendered":"<p>[vc_row full_width=&#8220;stretch_row_content_no_spaces&#8220; css=&#8220;.vc_custom_1514533919596{padding-top: 300px !important;padding-bottom: 300px !important;background-image: url(http:\/\/dbsgida.com\/wp-content\/uploads\/2017\/12\/dbs-uretim.jpg?id=641) !important;background-position: center !important;background-repeat: no-repeat !important;background-size: cover !important;}&#8220; overlaybg=&#8220;rgba(0,0,0,0.3)&#8220;][vc_column][\/vc_column][\/vc_row][vc_row full_width=&#8220;stretch_row&#8220; css=&#8220;.vc_custom_1515674344362{padding-top: 65px !important;padding-bottom: 100px !important;}&#8220;][vc_column offset=&#8220;vc_col-lg-3 vc_col-md-4 vc_col-xs-12&#8243;][vc_custom_heading text=&#8220;Produktion&#8220; font_container=&#8220;tag:h2|font_size:3.5rem|text_align:left|color:%23333333|line_height:1.1&#8243; use_theme_fonts=&#8220;yes&#8220; el_class=&#8220;poppins&#8220;][\/vc_column][vc_column offset=&#8220;vc_col-lg-9 vc_col-md-8 vc_col-xs-12&#8243;][vc_column_text css=&#8220;.vc_custom_1516198950821{margin-bottom: 0px !important;}&#8220;]DBS Food verf\u00fcgt \u00fcber die neueste Produktions- und Verarbeitungstechnologie in internationalen Standards. Unsere Fabrik besteht aus 2950 m2 geschlossener Fl\u00e4che in [&hellip;]<\/p>\n","protected":false},"author":1,"featured_media":0,"parent":0,"menu_order":0,"comment_status":"closed","ping_status":"closed","template":"custom-page.php","meta":{"footnotes":""},"class_list":["post-827","page","type-page","status-publish","hentry"],"_links":{"self":[{"href":"https:\/\/dbsgida.com\/de\/wp-json\/wp\/v2\/pages\/827","targetHints":{"allow":["GET"]}}],"collection":[{"href":"https:\/\/dbsgida.com\/de\/wp-json\/wp\/v2\/pages"}],"about":[{"href":"https:\/\/dbsgida.com\/de\/wp-json\/wp\/v2\/types\/page"}],"author":[{"embeddable":true,"href":"https:\/\/dbsgida.com\/de\/wp-json\/wp\/v2\/users\/1"}],"replies":[{"embeddable":true,"href":"https:\/\/dbsgida.com\/de\/wp-json\/wp\/v2\/comments?post=827"}],"version-history":[{"count":3,"href":"https:\/\/dbsgida.com\/de\/wp-json\/wp\/v2\/pages\/827\/revisions"}],"predecessor-version":[{"id":1032,"href":"https:\/\/dbsgida.com\/de\/wp-json\/wp\/v2\/pages\/827\/revisions\/1032"}],"wp:attachment":[{"href":"https:\/\/dbsgida.com\/de\/wp-json\/wp\/v2\/media?parent=827"}],"curies":[{"name":"wp","href":"https:\/\/api.w.org\/{rel}","templated":true}]}}