{"id":821,"date":"2018-01-05T15:38:27","date_gmt":"2018-01-05T12:38:27","guid":{"rendered":"http:\/\/dbsgida.com\/?page_id=821"},"modified":"2018-01-05T15:39:31","modified_gmt":"2018-01-05T12:39:31","slug":"ueber-uns","status":"publish","type":"page","link":"https:\/\/dbsgida.com\/de\/ueber-uns\/","title":{"rendered":"\u00dcber Uns"},"content":{"rendered":"<p>[vc_row full_width=&#8220;stretch_row_content_no_spaces&#8220; css=&#8220;.vc_custom_1514445360829{padding-top: 300px !important;padding-bottom: 300px !important;background-image: url(http:\/\/dbsgida.com\/wp-content\/uploads\/2017\/12\/dbs-fabrika.jpg?id=616) !important;background-position: center !important;background-repeat: no-repeat !important;background-size: cover !important;}&#8220; overlaybg=&#8220;rgba(0,0,0,0.3)&#8220;][vc_column][\/vc_column][\/vc_row][vc_row full_width=&#8220;stretch_row&#8220; nt_agricom_bg_position=&#8220;right center&#8220; css=&#8220;.vc_custom_1514444684242{padding-top: 100px !important;padding-bottom: 100px !important;background-image: url(http:\/\/dbsgida.com\/wp-content\/uploads\/2017\/12\/db-logo-tram.png?id=577) !important;background-position: 0 0 !important;background-repeat: no-repeat !important;}&#8220; nt_agricom_vc_row_992_responsive=&#8220;.vc_custom_1514444684244{padding-top: 80px !important;padding-bottom: 80px !important;}&#8220; nt_agricom_vc_row_768_responsive=&#8220;.vc_custom_1514444684246{padding-top: 80px !important;padding-bottom: 80px !important;}&#8220; nt_agricom_vc_row_480_responsive=&#8220;.vc_custom_1514444684247{padding-top: 60px !important;padding-bottom: 60px !important;}&#8220;][vc_column offset=&#8220;vc_col-lg-7 vc_col-md-7 vc_col-xs-12&#8243; css=&#8220;.vc_custom_1490048581968{margin-top: 0px !important;margin-bottom: 30px !important;padding-top: 0px !important;}&#8220;][vc_custom_heading text=&#8220;DBS food setzt seine weltweiten Standardproduktionsaktivit\u00e4ten mit dem kompetentesten Fachpersonal in seinem Bereich fort.&#8220; font_container=&#8220;tag:h4|font_size:1.6rem|text_align:left|color:%23333333|line_height:1.5&#8243; use_theme_fonts=&#8220;yes&#8220; css=&#8220;.vc_custom_1515155895953{margin-top: 0px !important;margin-bottom: 30px !important;padding-top: 0px !important;padding-bottom: 0px !important;}&#8220;][vc_custom_heading text=&#8220;WERTE&#8220; font_container=&#8220;tag:h4|text_align:left|color:%23333333&#8243; use_theme_fonts=&#8220;yes&#8220;][vc_custom_heading text=&#8220;DBS Food Inc. ist ein qualit\u00e4tsorientiertes Unternehmen, das auf langfristige Zusammenarbeit in allen Arbeitsbereichen abzielt. Um dies zu erreichen, halten wir uns strikt an die folgenden Unternehmenswerte:<br \/>\nWir wissen, dass Vertrauen der wichtigste Faktor in gegenseitigen Beziehungen ist, und wir bauen unseren guten Ruf auf, indem wir ein vertrauensw\u00fcrdiger Partner sind.<\/p>\n<p>Wir bem\u00fchen uns, allen Interessengruppen innerhalb und au\u00dferhalb unseres Unternehmens sowie den Gemeinschaften, in denen sie leben, einen tiefen Respekt entgegenzubringen.<\/p>\n<p>Um die sichersten und qualitativ hochwertigsten Produkte auf den Markt zu bringen, sind wir bestrebt, Transparenz in Bezug auf Produktion, Planung, Beschaffung, Inhaltsstoffe, Produktsicherheit und Wirksamkeit zu schaffen.<\/p>\n<p>Wir bieten eine schnelle und effiziente Kommunikation mit unseren Lieferanten und Kunden in f\u00fcnf Sprachen (T\u00fcrkisch, Englisch, Franz\u00f6sisch, Arabisch und Niederl\u00e4ndisch).&#8220; font_container=&#8220;tag:p|font_size:1.5rem|text_align:left|color:%23777777|line_height:1.5&#8243; use_theme_fonts=&#8220;yes&#8220; css=&#8220;.vc_custom_1515156041543{margin-bottom: 15px !important;}&#8220;][vc_empty_space height=&#8220;12px&#8220;][vc_custom_heading text=&#8220;VISION&#8220; font_container=&#8220;tag:h4|text_align:left|color:%23333333&#8243; use_theme_fonts=&#8220;yes&#8220;][vc_custom_heading text=&#8220;Einen Platz im Verbraucherverstand mit einem Sinn f\u00fcr Qualit\u00e4t zu haben und eine f\u00fchrende Marke im Weltlebensmittelsektor zu werden.&#8220; font_container=&#8220;tag:p|font_size:1.5rem|text_align:left|color:%23777777|line_height:1.5&#8243; use_theme_fonts=&#8220;yes&#8220; css=&#8220;.vc_custom_1515155930322{margin-bottom: 15px !important;}&#8220;][vc_empty_space height=&#8220;12px&#8220;][vc_custom_heading text=&#8220;MISSION&#8220; font_container=&#8220;tag:h4|text_align:left|color:%23333333&#8243; use_theme_fonts=&#8220;yes&#8220;][vc_custom_heading text=&#8220;Unsere Mission ist es, die sich \u00e4ndernden Bed\u00fcrfnisse der Verbraucher mit den hochwertigen, leckeren und gesunden Produkten zu decken; als starke Lebensmittelmarke.&#8220; font_container=&#8220;tag:p|font_size:1.5rem|text_align:left|color:%23777777|line_height:1.5&#8243; use_theme_fonts=&#8220;yes&#8220; css=&#8220;.vc_custom_1515155940965{margin-bottom: 15px !important;}&#8220;][vc_empty_space height=&#8220;12px&#8220;][vc_custom_heading text=&#8220;FAIRER HANDEL&#8220; font_container=&#8220;tag:h4|text_align:left|color:%23333333&#8243; use_theme_fonts=&#8220;yes&#8220;][vc_custom_heading text=&#8220;\u2022 Wir ernten unsere Produkte nur in den besten Jahren. Wir schulen unsere Mitarbeiter\/innen und\/ oder Lieferanten, um einen \u00fcberm\u00e4\u00dfigen Einsatz von Chemikalien auf ihren Feldern zu vermeiden, da wir wissen, dass der Schutz des Planeten in der Verantwortung aller liegt.<\/p>\n<p>\u2022 Alle unsere Arbeiter sind von der staatlichen Krankenversicherung gedeckt und die maximalen Arbeitsstunden pro Woche werden arbeitsrechtlich eingehalten. Zur Vermeidung von arbeitsbedingten Verletzungen sind Gesundheits- und Sicherheitsma\u00dfnahmen vorhanden. Wir f\u00fchlen uns verantwortlich f\u00fcr die VERTEIDIGUNG DER MENSCHENRECHTE&#8220; font_container=&#8220;tag:p|font_size:1.5rem|text_align:left|color:%23777777|line_height:1.5&#8243; use_theme_fonts=&#8220;yes&#8220; css=&#8220;.vc_custom_1515155975976{margin-bottom: 15px !important;}&#8220;][\/vc_column][vc_column offset=&#8220;vc_col-lg-offset-1 vc_col-lg-4 vc_col-md-5 vc_col-xs-12&#8243; css=&#8220;.vc_custom_1514444722600{padding-top: 300px !important;}&#8220;][vc_single_image image=&#8220;576&#8243; img_size=&#8220;full&#8220; alignment=&#8220;center&#8220;][\/vc_column][\/vc_row]<\/p>\n","protected":false},"excerpt":{"rendered":"<p>[vc_row full_width=&#8220;stretch_row_content_no_spaces&#8220; css=&#8220;.vc_custom_1514445360829{padding-top: 300px !important;padding-bottom: 300px !important;background-image: url(http:\/\/dbsgida.com\/wp-content\/uploads\/2017\/12\/dbs-fabrika.jpg?id=616) !important;background-position: center !important;background-repeat: no-repeat !important;background-size: cover !important;}&#8220; overlaybg=&#8220;rgba(0,0,0,0.3)&#8220;][vc_column][\/vc_column][\/vc_row][vc_row full_width=&#8220;stretch_row&#8220; nt_agricom_bg_position=&#8220;right center&#8220; css=&#8220;.vc_custom_1514444684242{padding-top: 100px !important;padding-bottom: 100px !important;background-image: url(http:\/\/dbsgida.com\/wp-content\/uploads\/2017\/12\/db-logo-tram.png?id=577) !important;background-position: 0 0 !important;background-repeat: no-repeat !important;}&#8220; nt_agricom_vc_row_992_responsive=&#8220;.vc_custom_1514444684244{padding-top: 80px !important;padding-bottom: 80px !important;}&#8220; nt_agricom_vc_row_768_responsive=&#8220;.vc_custom_1514444684246{padding-top: 80px !important;padding-bottom: 80px !important;}&#8220; nt_agricom_vc_row_480_responsive=&#8220;.vc_custom_1514444684247{padding-top: 60px !important;padding-bottom: 60px !important;}&#8220;][vc_column offset=&#8220;vc_col-lg-7 vc_col-md-7 vc_col-xs-12&#8243; css=&#8220;.vc_custom_1490048581968{margin-top: 0px !important;margin-bottom: 30px !important;padding-top: 0px [&hellip;]<\/p>\n","protected":false},"author":1,"featured_media":0,"parent":0,"menu_order":0,"comment_status":"closed","ping_status":"closed","template":"custom-page.php","meta":{"footnotes":""},"class_list":["post-821","page","type-page","status-publish","hentry"],"_links":{"self":[{"href":"https:\/\/dbsgida.com\/de\/wp-json\/wp\/v2\/pages\/821","targetHints":{"allow":["GET"]}}],"collection":[{"href":"https:\/\/dbsgida.com\/de\/wp-json\/wp\/v2\/pages"}],"about":[{"href":"https:\/\/dbsgida.com\/de\/wp-json\/wp\/v2\/types\/page"}],"author":[{"embeddable":true,"href":"https:\/\/dbsgida.com\/de\/wp-json\/wp\/v2\/users\/1"}],"replies":[{"embeddable":true,"href":"https:\/\/dbsgida.com\/de\/wp-json\/wp\/v2\/comments?post=821"}],"version-history":[{"count":2,"href":"https:\/\/dbsgida.com\/de\/wp-json\/wp\/v2\/pages\/821\/revisions"}],"predecessor-version":[{"id":823,"href":"https:\/\/dbsgida.com\/de\/wp-json\/wp\/v2\/pages\/821\/revisions\/823"}],"wp:attachment":[{"href":"https:\/\/dbsgida.com\/de\/wp-json\/wp\/v2\/media?parent=821"}],"curies":[{"name":"wp","href":"https:\/\/api.w.org\/{rel}","templated":true}]}}