{"id":761,"date":"2018-01-05T11:09:00","date_gmt":"2018-01-05T08:09:00","guid":{"rendered":"http:\/\/dbsgida.com\/?page_id=761"},"modified":"2018-01-05T11:09:40","modified_gmt":"2018-01-05T08:09:40","slug":"fe","status":"publish","type":"page","link":"https:\/\/dbsgida.com\/de\/fe\/","title":{"rendered":"F&#038;E"},"content":{"rendered":"<p>[vc_row full_width=&#8220;stretch_row_content_no_spaces&#8220; css=&#8220;.vc_custom_1514534677154{padding-top: 300px !important;padding-bottom: 300px !important;background-image: url(http:\/\/dbsgida.com\/wp-content\/uploads\/2017\/12\/dbs-arge.jpg?id=647) !important;background-position: center !important;background-repeat: no-repeat !important;background-size: cover !important;}&#8220; overlaybg=&#8220;rgba(0,0,0,0.3)&#8220;][vc_column][\/vc_column][\/vc_row][vc_row full_width=&#8220;stretch_row&#8220; css=&#8220;.vc_custom_1514446001435{padding-top: 65px !important;padding-bottom: 100px !important;}&#8220;][vc_column offset=&#8220;vc_col-lg-3 vc_col-md-4 vc_col-xs-12&#8243;][vc_custom_heading text=&#8220;F&#038;E&#8220; font_container=&#8220;tag:h2|font_size:3.5rem|text_align:left|color:%23333333|line_height:1.1&#8243; use_theme_fonts=&#8220;yes&#8220; el_class=&#8220;poppins&#8220;][\/vc_column][vc_column offset=&#8220;vc_col-lg-9 vc_col-md-8 vc_col-xs-12&#8243;][vc_column_text css=&#8220;.vc_custom_1515139807589{margin-bottom: 0px !important;}&#8220;]DBS food setzt seine weltweiten Standardproduktionsaktivit\u00e4ten mit dem kompetentesten Fachpersonal in seinem Bereich fort. DBS Gida arbeitet in enger Abstimmung mit seinen Lieferanten und Kunden, um deren Bed\u00fcrfnisse zu verstehen und L\u00f6sungen f\u00fcr sie zu entwickeln.<\/p>\n<p>Wir konzentrieren uns auf L\u00f6sungen, die die Produktionsstandards der Kunden verbessern, indem wir AR-GE-Studien f\u00fcr ihre Bed\u00fcrfnisse durchf\u00fchren. Unsere Grundprinzipien sind in R + D + I; Geschmack, Funktionalit\u00e4t, Effizienz und Kostenanalyse.[\/vc_column_text][\/vc_column][\/vc_row]<\/p>\n","protected":false},"excerpt":{"rendered":"<p>[vc_row full_width=&#8220;stretch_row_content_no_spaces&#8220; css=&#8220;.vc_custom_1514534677154{padding-top: 300px !important;padding-bottom: 300px !important;background-image: url(http:\/\/dbsgida.com\/wp-content\/uploads\/2017\/12\/dbs-arge.jpg?id=647) !important;background-position: center !important;background-repeat: no-repeat !important;background-size: cover !important;}&#8220; overlaybg=&#8220;rgba(0,0,0,0.3)&#8220;][vc_column][\/vc_column][\/vc_row][vc_row full_width=&#8220;stretch_row&#8220; css=&#8220;.vc_custom_1514446001435{padding-top: 65px !important;padding-bottom: 100px !important;}&#8220;][vc_column offset=&#8220;vc_col-lg-3 vc_col-md-4 vc_col-xs-12&#8243;][vc_custom_heading text=&#8220;F&#038;E&#8220; font_container=&#8220;tag:h2|font_size:3.5rem|text_align:left|color:%23333333|line_height:1.1&#8243; use_theme_fonts=&#8220;yes&#8220; el_class=&#8220;poppins&#8220;][\/vc_column][vc_column offset=&#8220;vc_col-lg-9 vc_col-md-8 vc_col-xs-12&#8243;][vc_column_text css=&#8220;.vc_custom_1515139807589{margin-bottom: 0px !important;}&#8220;]DBS food setzt seine weltweiten Standardproduktionsaktivit\u00e4ten mit dem kompetentesten Fachpersonal in seinem Bereich fort. DBS Gida arbeitet in enger Abstimmung mit [&hellip;]<\/p>\n","protected":false},"author":1,"featured_media":0,"parent":0,"menu_order":0,"comment_status":"closed","ping_status":"closed","template":"custom-page.php","meta":{"footnotes":""},"class_list":["post-761","page","type-page","status-publish","hentry"],"_links":{"self":[{"href":"https:\/\/dbsgida.com\/de\/wp-json\/wp\/v2\/pages\/761","targetHints":{"allow":["GET"]}}],"collection":[{"href":"https:\/\/dbsgida.com\/de\/wp-json\/wp\/v2\/pages"}],"about":[{"href":"https:\/\/dbsgida.com\/de\/wp-json\/wp\/v2\/types\/page"}],"author":[{"embeddable":true,"href":"https:\/\/dbsgida.com\/de\/wp-json\/wp\/v2\/users\/1"}],"replies":[{"embeddable":true,"href":"https:\/\/dbsgida.com\/de\/wp-json\/wp\/v2\/comments?post=761"}],"version-history":[{"count":2,"href":"https:\/\/dbsgida.com\/de\/wp-json\/wp\/v2\/pages\/761\/revisions"}],"predecessor-version":[{"id":763,"href":"https:\/\/dbsgida.com\/de\/wp-json\/wp\/v2\/pages\/761\/revisions\/763"}],"wp:attachment":[{"href":"https:\/\/dbsgida.com\/de\/wp-json\/wp\/v2\/media?parent=761"}],"curies":[{"name":"wp","href":"https:\/\/api.w.org\/{rel}","templated":true}]}}