{"id":815,"date":"2018-01-05T14:50:12","date_gmt":"2018-01-05T11:50:12","guid":{"rendered":"http:\/\/dbsgida.com\/?page_id=815"},"modified":"2018-01-17T17:21:40","modified_gmt":"2018-01-17T14:21:40","slug":"haus","status":"publish","type":"page","link":"http:\/\/dbsgida.com\/de\/","title":{"rendered":"Haus"},"content":{"rendered":"<p>[vc_row full_width=&#8220;stretch_row_content_no_spaces&#8220;][vc_column][rev_slider_vc alias=&#8220;de&#8220;][\/vc_column][\/vc_row][vc_row full_width=&#8220;stretch_row&#8220; nt_agricom_bg_position=&#8220;right center&#8220; nt_agricom_bg_ontablet=&#8220;hide&#8220; nt_agricom_bg_onmobile=&#8220;hide&#8220; nt_agricom_bg_onphone=&#8220;hide&#8220; css=&#8220;.vc_custom_1515662226330{padding-top: 100px !important;padding-bottom: 100px !important;background-image: url(http:\/\/dbsgida.com\/wp-content\/uploads\/2018\/01\/dbs-anasayfa-baharat-spice.jpg?id=972) !important;background-position: 0 0 !important;background-repeat: no-repeat !important;}&#8220; nt_agricom_bg_size=&#8220;50%&#8220; nt_agricom_vc_row_768_responsive=&#8220;.vc_custom_1515662226333{padding-top: 0px !important;}&#8220; nt_agricom_vc_row_480_responsive=&#8220;.vc_custom_1515662226334{padding-top: 0px !important;}&#8220; nt_agricom_vc_row_992_responsive=&#8220;.vc_custom_1515662226332{padding-top: 0px !important;}&#8220;][vc_column css=&#8220;.vc_custom_1489841962383{padding-top: 100px !important;padding-bottom: 100px !important;}&#8220; offset=&#8220;vc_col-lg-6 vc_col-md-12 vc_col-xs-12&#8243; nt_agricom_vc_column_992=&#8220;.vc_custom_1489841962387{padding-top: 80px !important;padding-bottom: 20px !important;}&#8220; nt_agricom_vc_column_768=&#8220;.vc_custom_1489841962389{padding-top: 80px !important;padding-bottom: 0px !important;}&#8220; nt_agricom_vc_column_480=&#8220;.vc_custom_1489841962391{padding-top: 60px !important;padding-bottom: 0px !important;}&#8220;][vc_custom_heading text=&#8220;Als ein Nahrungsmittelexperte DBS&#8220; font_container=&#8220;tag:h2|font_size:3.5rem|text_align:left|color:%23333333|line_height:1.1&#8243; use_theme_fonts=&#8220;yes&#8220; css=&#8220;.vc_custom_1515153006722{margin-bottom: 35px !important;}&#8220;][vc_custom_heading text=&#8220;Mit seiner Erfahrung und seinem technologischen Prozess, der seit 1985 expandiert, hat DBS Food im Jahr 2015 eine Produktionsst\u00e4tte im Bezirk Kemalpa\u015fa von Izmir gegr\u00fcndet. DBS Food setzt seine weltweiten Standardproduktionsaktivit\u00e4ten mit dem kompetentesten Fachpersonal in seinem Bereich fort. &#8220; font_container=&#8220;tag:p|font_size:14|text_align:left|color:%23333333|line_height:1.538&#8243; use_theme_fonts=&#8220;yes&#8220; css=&#8220;.vc_custom_1515153020382{margin-bottom: 30px !important;}&#8220;][vc_custom_heading text=&#8220;Wir haben eine hervorragende Kundenzufriedenheit, weil wir von Anfang an ein vertrauensw\u00fcrdiger Lieferant von qualitativ hochwertigen Produkten waren. In \u00dcbereinstimmung mit unseren Kundenspezifikationen verwandeln wir die hochwertigsten Rohstoffe aus der ganzen Welt in gesunde und innovative Geschm\u00e4cker.&#8220; font_container=&#8220;tag:p|font_size:14|text_align:left|color:%23333333|line_height:1.538&#8243; use_theme_fonts=&#8220;yes&#8220; css=&#8220;.vc_custom_1515153031857{margin-bottom: 30px !important;}&#8220;][vc_custom_heading text=&#8220;DBS Food bietet eine breite Palette von Produkten an, die von orientalischen Gew\u00fcrzen bis hin zu westlichen Delikatessen reichen, um die Branche zu f\u00fchren. Wir besch\u00e4ftigen uns mit Gew\u00fcrzen, Samen\u00f6len, aromatischen Kr\u00e4utern, getrockneten Fr\u00fcchten, Heilpflanzen und Gew\u00fcrzen nach Ma\u00df. Erbaut auf 5000 m2 Land, hat unsere Fabrik 2950 m2 umschlossenen Raum. Unser Lagerbereich umfasst Metalldetektoren und verschiedene Verpackungsm\u00f6glichkeiten. Wir sind nach ISO 9000, ISO 22000, FDA, HELAL und BRC zertifiziert und konzentrieren uns auf fairen Handel.&#8220; font_container=&#8220;tag:p|font_size:14|text_align:left|color:%23333333|line_height:1.538&#8243; use_theme_fonts=&#8220;yes&#8220; css=&#8220;.vc_custom_1516198975586{margin-bottom: 30px !important;}&#8220;][\/vc_column][\/vc_row][vc_row full_width=&#8220;stretch_row&#8220; css=&#8220;.vc_custom_1514294528181{padding-top: 100px !important;padding-bottom: 100px !important;background-color: #e9f1ee !important;}&#8220;][vc_column css=&#8220;.vc_custom_1489843180838{margin-top: 0px !important;margin-bottom: 0px !important;padding-top: 0px !important;padding-bottom: 0px !important;}&#8220;]<section class=\"gallery-section section vc_custom_1515662235525\"><div class=\"gallery-container\"><div class=\"gallery gallery--style-3\"><div class=\"gallery__inner\"><div class=\"row row-no-gutter flex-items-sm-middle\"><div class=\"col-xs-12 col-sm-6 col-md-3 col-lg-3 col-xl-3\"><div class=\"gallery__item gallery__item--text\"><h2>Produkte<\/h2><p>Gew\u00fcrze sind Mystik und riecht h\u00fcbsch, sie sind die geheimen Helden des Geschmacks. Unterschiedlicher Geschmack, dieselbe Leidenschaft.<\/p><a class=\"gallery-more-link\" href=\"http:\/\/dbsgida.com\/de\/produkte\/\" title=\"Mehr\">Mehr<\/a><\/div><\/div><div class=\"col-xs-12 col-sm-6 col-md-3 col-lg-3 col-xl-3\"><div class=\"gallery__item\"><div class=\"gallery__item__inner\"><figure><img decoding=\"async\" src=\"http:\/\/dbsgida.com\/wp-content\/themes\/nt-agricom\/images\/blank.gif\" style=\"background-image: url(http:\/\/dbsgida.com\/wp-content\/uploads\/2018\/01\/dbs-urunler-fonksiyonel-510x510.jpg);\" alt=\"Industrielle Produkte\"><a class=\"gallery__item__description\" href=\"http:\/\/dbsgida.com\/wp-content\/uploads\/2018\/01\/dbs-urunler-fonksiyonel.jpg\" data-gallery=\"gall\"><span class=\"gallery__item__title\">Industrielle Produkte<\/span><span class=\"gallery__item__subtitle\"> <\/span><\/a><\/figure><\/div><\/div><\/div><div class=\"col-xs-12 col-sm-6 col-md-3 col-lg-3 col-xl-3\"><div class=\"gallery__item\"><div class=\"gallery__item__inner\"><figure><img decoding=\"async\" src=\"http:\/\/dbsgida.com\/wp-content\/themes\/nt-agricom\/images\/blank.gif\" style=\"background-image: url(http:\/\/dbsgida.com\/wp-content\/uploads\/2018\/01\/dbs-urunler-toz-510x510.jpg);\" alt=\"Pulvergruppe\"><a class=\"gallery__item__description\" href=\"http:\/\/dbsgida.com\/wp-content\/uploads\/2018\/01\/dbs-urunler-toz.jpg\" data-gallery=\"gall\"><span class=\"gallery__item__title\">Pulvergruppe<\/span><span class=\"gallery__item__subtitle\"> <\/span><\/a><\/figure><\/div><\/div><\/div><div class=\"col-xs-12 col-sm-6 col-md-3 col-lg-3 col-xl-3\"><div class=\"gallery__item\"><div class=\"gallery__item__inner\"><figure><img decoding=\"async\" src=\"http:\/\/dbsgida.com\/wp-content\/themes\/nt-agricom\/images\/blank.gif\" style=\"background-image: url(http:\/\/dbsgida.com\/wp-content\/uploads\/2018\/01\/dbs-urunler-baharat-510x510.jpg);\" alt=\"Gew\u00fcrze Gruppe Produkte\"><a class=\"gallery__item__description\" href=\"http:\/\/dbsgida.com\/wp-content\/uploads\/2018\/01\/dbs-urunler-baharat.jpg\" data-gallery=\"gall\"><span class=\"gallery__item__title\">Gew\u00fcrze Gruppe Produkte<\/span><span class=\"gallery__item__subtitle\"> <\/span><\/a><\/figure><\/div><\/div><\/div><\/div><\/div><\/div><\/div><\/section>[\/vc_column][\/vc_row]<\/p>\n","protected":false},"excerpt":{"rendered":"<p>[vc_row full_width=&#8220;stretch_row_content_no_spaces&#8220;][vc_column][rev_slider_vc alias=&#8220;de&#8220;][\/vc_column][\/vc_row][vc_row full_width=&#8220;stretch_row&#8220; nt_agricom_bg_position=&#8220;right center&#8220; nt_agricom_bg_ontablet=&#8220;hide&#8220; nt_agricom_bg_onmobile=&#8220;hide&#8220; nt_agricom_bg_onphone=&#8220;hide&#8220; css=&#8220;.vc_custom_1515662226330{padding-top: 100px !important;padding-bottom: 100px !important;background-image: url(http:\/\/dbsgida.com\/wp-content\/uploads\/2018\/01\/dbs-anasayfa-baharat-spice.jpg?id=972) !important;background-position: 0 0 !important;background-repeat: no-repeat !important;}&#8220; nt_agricom_bg_size=&#8220;50%&#8220; nt_agricom_vc_row_768_responsive=&#8220;.vc_custom_1515662226333{padding-top: 0px !important;}&#8220; nt_agricom_vc_row_480_responsive=&#8220;.vc_custom_1515662226334{padding-top: 0px !important;}&#8220; nt_agricom_vc_row_992_responsive=&#8220;.vc_custom_1515662226332{padding-top: 0px !important;}&#8220;][vc_column css=&#8220;.vc_custom_1489841962383{padding-top: 100px !important;padding-bottom: 100px !important;}&#8220; offset=&#8220;vc_col-lg-6 vc_col-md-12 vc_col-xs-12&#8243; nt_agricom_vc_column_992=&#8220;.vc_custom_1489841962387{padding-top: 80px !important;padding-bottom: 20px !important;}&#8220; nt_agricom_vc_column_768=&#8220;.vc_custom_1489841962389{padding-top: 80px !important;padding-bottom: 0px !important;}&#8220; nt_agricom_vc_column_480=&#8220;.vc_custom_1489841962391{padding-top: 60px !important;padding-bottom: 0px !important;}&#8220;][vc_custom_heading text=&#8220;Als [&hellip;]<\/p>\n","protected":false},"author":1,"featured_media":0,"parent":0,"menu_order":0,"comment_status":"open","ping_status":"open","template":"one-page-template.php","meta":{"footnotes":""},"class_list":["post-815","page","type-page","status-publish","hentry"],"_links":{"self":[{"href":"http:\/\/dbsgida.com\/de\/wp-json\/wp\/v2\/pages\/815","targetHints":{"allow":["GET"]}}],"collection":[{"href":"http:\/\/dbsgida.com\/de\/wp-json\/wp\/v2\/pages"}],"about":[{"href":"http:\/\/dbsgida.com\/de\/wp-json\/wp\/v2\/types\/page"}],"author":[{"embeddable":true,"href":"http:\/\/dbsgida.com\/de\/wp-json\/wp\/v2\/users\/1"}],"replies":[{"embeddable":true,"href":"http:\/\/dbsgida.com\/de\/wp-json\/wp\/v2\/comments?post=815"}],"version-history":[{"count":3,"href":"http:\/\/dbsgida.com\/de\/wp-json\/wp\/v2\/pages\/815\/revisions"}],"predecessor-version":[{"id":1033,"href":"http:\/\/dbsgida.com\/de\/wp-json\/wp\/v2\/pages\/815\/revisions\/1033"}],"wp:attachment":[{"href":"http:\/\/dbsgida.com\/de\/wp-json\/wp\/v2\/media?parent=815"}],"curies":[{"name":"wp","href":"https:\/\/api.w.org\/{rel}","templated":true}]}}